{"id":250,"date":"2022-07-08T03:38:57","date_gmt":"2022-07-08T03:38:57","guid":{"rendered":"https:\/\/saitsa.mx\/?page_id=250"},"modified":"2023-07-03T10:52:30","modified_gmt":"2023-07-03T16:52:30","slug":"contacto","status":"publish","type":"page","link":"https:\/\/saitsa.mx\/en\/contacto\/","title":{"rendered":"Contact"},"content":{"rendered":"\t\t<div data-elementor-type=\"wp-page\" data-elementor-id=\"250\" class=\"elementor elementor-250\" data-elementor-post-type=\"page\">\n\t\t\t\t\t\t<section class=\"elementor-section elementor-top-section elementor-element elementor-element-d356860 elementor-section-boxed elementor-section-height-default elementor-section-height-default\" data-id=\"d356860\" data-element_type=\"section\" data-e-type=\"section\" data-settings=\"{&quot;background_background&quot;:&quot;classic&quot;}\">\n\t\t\t\t\t\t\t<div class=\"elementor-background-overlay\"><\/div>\n\t\t\t\t\t\t\t<div class=\"elementor-container elementor-column-gap-default\">\n\t\t\t\t\t<div class=\"elementor-column elementor-col-100 elementor-top-column elementor-element elementor-element-b3e31e4\" data-id=\"b3e31e4\" data-element_type=\"column\" data-e-type=\"column\">\n\t\t\t<div class=\"elementor-widget-wrap elementor-element-populated\">\n\t\t\t\t\t\t<div class=\"elementor-element elementor-element-e0d1ef5 elementor-widget elementor-widget-heading\" data-id=\"e0d1ef5\" data-element_type=\"widget\" data-e-type=\"widget\" data-widget_type=\"heading.default\">\n\t\t\t\t<div class=\"elementor-widget-container\">\n\t\t\t\t\t<h1 class=\"elementor-heading-title elementor-size-default\">CONTACTO<\/h1>\t\t\t\t<\/div>\n\t\t\t\t<\/div>\n\t\t\t\t\t<\/div>\n\t\t<\/div>\n\t\t\t\t\t<\/div>\n\t\t<\/section>\n\t\t\t\t<section class=\"elementor-section elementor-top-section elementor-element elementor-element-12f7d51 elementor-section-boxed elementor-section-height-default elementor-section-height-default\" data-id=\"12f7d51\" data-element_type=\"section\" data-e-type=\"section\">\n\t\t\t\t\t\t<div class=\"elementor-container elementor-column-gap-default\">\n\t\t\t\t\t<div class=\"elementor-column elementor-col-50 elementor-top-column elementor-element elementor-element-b5ad93d\" data-id=\"b5ad93d\" data-element_type=\"column\" data-e-type=\"column\">\n\t\t\t<div class=\"elementor-widget-wrap elementor-element-populated\">\n\t\t\t\t\t\t<div class=\"elementor-element elementor-element-f0b63f8 elementor-widget elementor-widget-heading\" data-id=\"f0b63f8\" data-element_type=\"widget\" data-e-type=\"widget\" data-widget_type=\"heading.default\">\n\t\t\t\t<div class=\"elementor-widget-container\">\n\t\t\t\t\t<h2 class=\"elementor-heading-title elementor-size-default\">CONTACTANOS<\/h2>\t\t\t\t<\/div>\n\t\t\t\t<\/div>\n\t\t\t\t<div class=\"elementor-element elementor-element-ad16c8d elementor-widget-divider--view-line elementor-widget elementor-widget-divider\" data-id=\"ad16c8d\" data-element_type=\"widget\" data-e-type=\"widget\" data-widget_type=\"divider.default\">\n\t\t\t\t<div class=\"elementor-widget-container\">\n\t\t\t\t\t\t\t<div class=\"elementor-divider\">\n\t\t\t<span class=\"elementor-divider-separator\">\n\t\t\t\t\t\t<\/span>\n\t\t<\/div>\n\t\t\t\t\t\t<\/div>\n\t\t\t\t<\/div>\n\t\t\t\t<div class=\"elementor-element elementor-element-3375734 elementor-widget elementor-widget-text-editor\" data-id=\"3375734\" data-element_type=\"widget\" data-e-type=\"widget\" data-widget_type=\"text-editor.default\">\n\t\t\t\t<div class=\"elementor-widget-container\">\n\t\t\t\t\t\t\t\t\t<p>Whatsapp y atenci\u00f3n inmediata al celular +52 8334617438.\u00a0<\/p>\t\t\t\t\t\t\t\t<\/div>\n\t\t\t\t<\/div>\n\t\t\t\t<div class=\"elementor-element elementor-element-fe254a9 elementor-button-align-start elementor-widget elementor-widget-form\" data-id=\"fe254a9\" data-element_type=\"widget\" data-e-type=\"widget\" data-settings=\"{&quot;step_next_label&quot;:&quot;Next&quot;,&quot;step_previous_label&quot;:&quot;Previous&quot;,&quot;button_width&quot;:&quot;100&quot;,&quot;step_type&quot;:&quot;number_text&quot;,&quot;step_icon_shape&quot;:&quot;circle&quot;}\" data-widget_type=\"form.default\">\n\t\t\t\t<div class=\"elementor-widget-container\">\n\t\t\t\t\t\t\t<form class=\"elementor-form\" method=\"post\" name=\"Contacto\">\n\t\t\t<input type=\"hidden\" name=\"post_id\" value=\"250\"\/>\n\t\t\t<input type=\"hidden\" name=\"form_id\" value=\"fe254a9\"\/>\n\t\t\t<input type=\"hidden\" name=\"referer_title\" value=\"SAITSA\" \/>\n\n\t\t\t\n\t\t\t<div class=\"elementor-form-fields-wrapper elementor-labels-above\">\n\t\t\t\t\t\t\t\t<div class=\"elementor-field-type-text elementor-field-group elementor-column elementor-field-group-name elementor-col-50 elementor-field-required elementor-mark-required\">\n\t\t\t\t\t\t\t\t\t\t\t\t\t<input size=\"1\" type=\"text\" name=\"form_fields[name]\" id=\"form-field-name\" class=\"elementor-field elementor-size-sm  elementor-field-textual\" placeholder=\"Nombre *\" required=\"required\" aria-required=\"true\">\n\t\t\t\t\t\t\t\t\t\t\t<\/div>\n\t\t\t\t\t\t\t\t<div class=\"elementor-field-type-text elementor-field-group elementor-column elementor-field-group-field_12b6ffa elementor-col-50 elementor-field-required elementor-mark-required\">\n\t\t\t\t\t\t\t\t\t\t\t\t\t<input size=\"1\" type=\"text\" name=\"form_fields[field_12b6ffa]\" id=\"form-field-field_12b6ffa\" class=\"elementor-field elementor-size-sm  elementor-field-textual\" placeholder=\"Apellido *\" required=\"required\" aria-required=\"true\">\n\t\t\t\t\t\t\t\t\t\t\t<\/div>\n\t\t\t\t\t\t\t\t<div class=\"elementor-field-type-email elementor-field-group elementor-column elementor-field-group-field_0d681f7 elementor-col-50 elementor-field-required elementor-mark-required\">\n\t\t\t\t\t\t\t\t\t\t\t\t\t<input size=\"1\" type=\"email\" name=\"form_fields[field_0d681f7]\" id=\"form-field-field_0d681f7\" class=\"elementor-field elementor-size-sm  elementor-field-textual\" placeholder=\"Correo Electr\u00f3nico *\" required=\"required\" aria-required=\"true\">\n\t\t\t\t\t\t\t\t\t\t\t<\/div>\n\t\t\t\t\t\t\t\t<div class=\"elementor-field-type-tel elementor-field-group elementor-column elementor-field-group-field_98bc0f0 elementor-col-50 elementor-field-required elementor-mark-required\">\n\t\t\t\t\t\t\t<input size=\"1\" type=\"tel\" name=\"form_fields[field_98bc0f0]\" id=\"form-field-field_98bc0f0\" class=\"elementor-field elementor-size-sm  elementor-field-textual\" placeholder=\"Tel\u00e9fono *\" required=\"required\" aria-required=\"true\" pattern=\"[0-9()#&amp;+*-=.]+\" title=\"Only numbers and phone characters (#, -, *, etc) are accepted.\">\n\n\t\t\t\t\t\t<\/div>\n\t\t\t\t\t\t\t\t<div class=\"elementor-field-type-text elementor-field-group elementor-column elementor-field-group-field_23b5f36 elementor-col-100 elementor-field-required elementor-mark-required\">\n\t\t\t\t\t\t\t\t\t\t\t\t\t<input size=\"1\" type=\"text\" name=\"form_fields[field_23b5f36]\" id=\"form-field-field_23b5f36\" class=\"elementor-field elementor-size-sm  elementor-field-textual\" placeholder=\"Asunto *\" required=\"required\" aria-required=\"true\">\n\t\t\t\t\t\t\t\t\t\t\t<\/div>\n\t\t\t\t\t\t\t\t<div class=\"elementor-field-type-textarea elementor-field-group elementor-column elementor-field-group-field_3ff0071 elementor-col-100 elementor-field-required elementor-mark-required\">\n\t\t\t\t\t<textarea class=\"elementor-field-textual elementor-field  elementor-size-sm\" name=\"form_fields[field_3ff0071]\" id=\"form-field-field_3ff0071\" rows=\"7\" placeholder=\"Mensaje *\" required=\"required\" aria-required=\"true\"><\/textarea>\t\t\t\t<\/div>\n\t\t\t\t\t\t\t\t<div class=\"elementor-field-group elementor-column elementor-field-type-submit elementor-col-100 e-form__buttons\">\n\t\t\t\t\t<button type=\"submit\" class=\"elementor-button elementor-size-sm\">\n\t\t\t\t\t\t<span >\n\t\t\t\t\t\t\t\t\t\t\t\t\t\t\t<span class=\" elementor-button-icon\">\n\t\t\t\t\t\t\t\t\t\t\t\t\t\t\t\t\t\t\t\t\t\t\t\t\t\t<\/span>\n\t\t\t\t\t\t\t\t\t\t\t\t\t\t\t\t\t\t\t\t\t\t<span class=\"elementor-button-text\">Enviar<\/span>\n\t\t\t\t\t\t\t\t\t\t\t\t\t<\/span>\n\t\t\t\t\t<\/button>\n\t\t\t\t<\/div>\n\t\t\t<\/div>\n\t\t<\/form>\n\t\t\t\t\t\t<\/div>\n\t\t\t\t<\/div>\n\t\t\t\t\t<\/div>\n\t\t<\/div>\n\t\t\t\t<div class=\"elementor-column elementor-col-50 elementor-top-column elementor-element elementor-element-2d5a991\" data-id=\"2d5a991\" data-element_type=\"column\" data-e-type=\"column\">\n\t\t\t<div class=\"elementor-widget-wrap elementor-element-populated\">\n\t\t\t\t\t\t<section class=\"elementor-section elementor-inner-section elementor-element elementor-element-b40d021 elementor-section-content-middle elementor-section-boxed elementor-section-height-default elementor-section-height-default\" data-id=\"b40d021\" data-element_type=\"section\" data-e-type=\"section\">\n\t\t\t\t\t\t<div class=\"elementor-container elementor-column-gap-default\">\n\t\t\t\t\t<div class=\"elementor-column elementor-col-50 elementor-inner-column elementor-element elementor-element-4aa60bc\" data-id=\"4aa60bc\" data-element_type=\"column\" data-e-type=\"column\">\n\t\t\t<div class=\"elementor-widget-wrap elementor-element-populated\">\n\t\t\t\t\t\t<div class=\"elementor-element elementor-element-71d5b7a elementor-widget elementor-widget-text-editor\" data-id=\"71d5b7a\" data-element_type=\"widget\" data-e-type=\"widget\" data-widget_type=\"text-editor.default\">\n\t\t\t\t<div class=\"elementor-widget-container\">\n\t\t\t\t\t\t\t\t\t<p style=\"text-align: center;\"><strong>DIRECCI\u00d3N<\/strong><\/p><p>Carretera Tampico Mante km 14.5, Altamira, Tamaulipas, M\u00e9xico<\/p>\t\t\t\t\t\t\t\t<\/div>\n\t\t\t\t<\/div>\n\t\t\t\t\t<\/div>\n\t\t<\/div>\n\t\t\t\t<div class=\"elementor-column elementor-col-50 elementor-inner-column elementor-element elementor-element-3c12618\" data-id=\"3c12618\" data-element_type=\"column\" data-e-type=\"column\">\n\t\t\t<div class=\"elementor-widget-wrap elementor-element-populated\">\n\t\t\t\t\t\t<div class=\"elementor-element elementor-element-5a09aa1 elementor-widget elementor-widget-text-editor\" data-id=\"5a09aa1\" data-element_type=\"widget\" data-e-type=\"widget\" data-widget_type=\"text-editor.default\">\n\t\t\t\t<div class=\"elementor-widget-container\">\n\t\t\t\t\t\t\t\t\t<p style=\"text-align: center;\"><strong>INFORMES\/CONTACTO<\/strong><\/p><p>+52 (833) 461 7438<br \/>+52 (833) 232-5173<br \/><strong>ventas@saitsa.mx<\/strong><\/p>\t\t\t\t\t\t\t\t<\/div>\n\t\t\t\t<\/div>\n\t\t\t\t\t<\/div>\n\t\t<\/div>\n\t\t\t\t\t<\/div>\n\t\t<\/section>\n\t\t\t\t<section class=\"elementor-section elementor-inner-section elementor-element elementor-element-77407b4 elementor-section-content-middle elementor-section-boxed elementor-section-height-default elementor-section-height-default\" data-id=\"77407b4\" data-element_type=\"section\" data-e-type=\"section\">\n\t\t\t\t\t\t<div class=\"elementor-container elementor-column-gap-default\">\n\t\t\t\t\t<div class=\"elementor-column elementor-col-100 elementor-inner-column elementor-element elementor-element-431b2d3\" data-id=\"431b2d3\" data-element_type=\"column\" data-e-type=\"column\">\n\t\t\t<div class=\"elementor-widget-wrap elementor-element-populated\">\n\t\t\t\t\t\t<div class=\"elementor-element elementor-element-9e00ff8 elementor-widget elementor-widget-google_maps\" data-id=\"9e00ff8\" data-element_type=\"widget\" data-e-type=\"widget\" data-widget_type=\"google_maps.default\">\n\t\t\t\t<div class=\"elementor-widget-container\">\n\t\t\t\t\t\t\t<div class=\"elementor-custom-embed\">\n\t\t\t<iframe loading=\"lazy\"\n\t\t\t\t\tsrc=\"https:\/\/maps.google.com\/maps?q=SAITSA&#038;t=m&#038;z=15&#038;output=embed&#038;iwloc=near\"\n\t\t\t\t\ttitle=\"SAITSA\"\n\t\t\t\t\taria-label=\"SAITSA\"\n\t\t\t><\/iframe>\n\t\t<\/div>\n\t\t\t\t\t\t<\/div>\n\t\t\t\t<\/div>\n\t\t\t\t\t<\/div>\n\t\t<\/div>\n\t\t\t\t\t<\/div>\n\t\t<\/section>\n\t\t\t\t\t<\/div>\n\t\t<\/div>\n\t\t\t\t\t<\/div>\n\t\t<\/section>\n\t\t\t\t<\/div>\n\t\t","protected":false},"excerpt":{"rendered":"<p>CONTACT CONTACT US Whatsapp and immediate attention to the cell phone +52 8334617438. ADDRESS Carretera Tampico Mante km 14.5, Altamira, Tamaulipas, Mexico REPORTS\/CONTACT +52 \u2026<\/p>","protected":false},"author":1,"featured_media":0,"parent":0,"menu_order":0,"comment_status":"closed","ping_status":"closed","template":"elementor_header_footer","meta":{"_monsterinsights_skip_tracking":false,"_monsterinsights_sitenote_active":false,"_monsterinsights_sitenote_note":"","_monsterinsights_sitenote_category":0,"footnotes":""},"class_list":["post-250","page","type-page","status-publish","hentry"],"yoast_head":"<!-- This site is optimized with the Yoast SEO plugin v27.4 - https:\/\/yoast.com\/product\/yoast-seo-wordpress\/ -->\n<title>Contacto - SAITSA<\/title>\n<meta name=\"description\" content=\"Contacto Saitsa\" \/>\n<meta name=\"robots\" content=\"index, follow, max-snippet:-1, max-image-preview:large, max-video-preview:-1\" \/>\n<link rel=\"canonical\" href=\"https:\/\/saitsa.mx\/en\/contacto\/\" \/>\n<meta property=\"og:locale\" content=\"en_US\" \/>\n<meta property=\"og:type\" content=\"article\" \/>\n<meta property=\"og:title\" content=\"Contacto - SAITSA\" \/>\n<meta property=\"og:description\" content=\"Contacto Saitsa\" \/>\n<meta property=\"og:url\" content=\"https:\/\/saitsa.mx\/en\/contacto\/\" \/>\n<meta property=\"og:site_name\" content=\"SAITSA\" \/>\n<meta property=\"article:publisher\" content=\"https:\/\/www.facebook.com\/people\/Saitsa\/100065258990157\/\" \/>\n<meta property=\"article:modified_time\" content=\"2023-07-03T16:52:30+00:00\" \/>\n<meta property=\"og:image\" content=\"https:\/\/saitsa.mx\/wp-content\/uploads\/2022\/07\/retina_iphone_ico.png\" \/>\n\t<meta property=\"og:image:width\" content=\"98\" \/>\n\t<meta property=\"og:image:height\" content=\"114\" \/>\n\t<meta property=\"og:image:type\" content=\"image\/png\" \/>\n<meta name=\"twitter:card\" content=\"summary_large_image\" \/>\n<meta name=\"twitter:label1\" content=\"Est. reading time\" \/>\n\t<meta name=\"twitter:data1\" content=\"1 minute\" \/>\n<script type=\"application\/ld+json\" class=\"yoast-schema-graph\">{\"@context\":\"https:\\\/\\\/schema.org\",\"@graph\":[{\"@type\":\"Article\",\"@id\":\"https:\\\/\\\/saitsa.mx\\\/contacto\\\/#article\",\"isPartOf\":{\"@id\":\"https:\\\/\\\/saitsa.mx\\\/contacto\\\/\"},\"author\":{\"name\":\"saitsaadmin\",\"@id\":\"https:\\\/\\\/saitsa.mx\\\/#\\\/schema\\\/person\\\/3bfad3748d02af6a72bbe3d0a444ed7a\"},\"headline\":\"Contacto\",\"datePublished\":\"2022-07-08T03:38:57+00:00\",\"dateModified\":\"2023-07-03T16:52:30+00:00\",\"mainEntityOfPage\":{\"@id\":\"https:\\\/\\\/saitsa.mx\\\/contacto\\\/\"},\"wordCount\":26,\"publisher\":{\"@id\":\"https:\\\/\\\/saitsa.mx\\\/#organization\"},\"inLanguage\":\"en-US\"},{\"@type\":\"WebPage\",\"@id\":\"https:\\\/\\\/saitsa.mx\\\/contacto\\\/\",\"url\":\"https:\\\/\\\/saitsa.mx\\\/contacto\\\/\",\"name\":\"Contacto - SAITSA\",\"isPartOf\":{\"@id\":\"https:\\\/\\\/saitsa.mx\\\/#website\"},\"datePublished\":\"2022-07-08T03:38:57+00:00\",\"dateModified\":\"2023-07-03T16:52:30+00:00\",\"description\":\"Contacto Saitsa\",\"breadcrumb\":{\"@id\":\"https:\\\/\\\/saitsa.mx\\\/contacto\\\/#breadcrumb\"},\"inLanguage\":\"en-US\",\"potentialAction\":[{\"@type\":\"ReadAction\",\"target\":[\"https:\\\/\\\/saitsa.mx\\\/contacto\\\/\"]}]},{\"@type\":\"BreadcrumbList\",\"@id\":\"https:\\\/\\\/saitsa.mx\\\/contacto\\\/#breadcrumb\",\"itemListElement\":[{\"@type\":\"ListItem\",\"position\":1,\"name\":\"Inicio\",\"item\":\"https:\\\/\\\/saitsa.mx\\\/\"},{\"@type\":\"ListItem\",\"position\":2,\"name\":\"Contacto\"}]},{\"@type\":\"WebSite\",\"@id\":\"https:\\\/\\\/saitsa.mx\\\/#website\",\"url\":\"https:\\\/\\\/saitsa.mx\\\/\",\"name\":\"SAITSA\",\"description\":\"Fabricante de tuber\u00eda a partir de l\u00e1mina y placa, recipientes a presi\u00f3n y atmosf\u00e9ricos y pailer\u00eda pesada en acero al carb\u00f3n e inoxidable.\",\"publisher\":{\"@id\":\"https:\\\/\\\/saitsa.mx\\\/#organization\"},\"alternateName\":\"SAITSA Web\",\"potentialAction\":[{\"@type\":\"SearchAction\",\"target\":{\"@type\":\"EntryPoint\",\"urlTemplate\":\"https:\\\/\\\/saitsa.mx\\\/?s={search_term_string}\"},\"query-input\":{\"@type\":\"PropertyValueSpecification\",\"valueRequired\":true,\"valueName\":\"search_term_string\"}}],\"inLanguage\":\"en-US\"},{\"@type\":\"Organization\",\"@id\":\"https:\\\/\\\/saitsa.mx\\\/#organization\",\"name\":\"SAITSA S.A. de C.V.\",\"alternateName\":\"SAITSA\",\"url\":\"https:\\\/\\\/saitsa.mx\\\/\",\"logo\":{\"@type\":\"ImageObject\",\"inLanguage\":\"en-US\",\"@id\":\"https:\\\/\\\/saitsa.mx\\\/#\\\/schema\\\/logo\\\/image\\\/\",\"url\":\"https:\\\/\\\/saitsa.mx\\\/wp-content\\\/uploads\\\/2022\\\/07\\\/saitsa_logo_oficial-e1677551446739.png\",\"contentUrl\":\"https:\\\/\\\/saitsa.mx\\\/wp-content\\\/uploads\\\/2022\\\/07\\\/saitsa_logo_oficial-e1677551446739.png\",\"width\":143,\"height\":82,\"caption\":\"SAITSA S.A. de C.V.\"},\"image\":{\"@id\":\"https:\\\/\\\/saitsa.mx\\\/#\\\/schema\\\/logo\\\/image\\\/\"},\"sameAs\":[\"https:\\\/\\\/www.facebook.com\\\/people\\\/Saitsa\\\/100065258990157\\\/\"]},{\"@type\":\"Person\",\"@id\":\"https:\\\/\\\/saitsa.mx\\\/#\\\/schema\\\/person\\\/3bfad3748d02af6a72bbe3d0a444ed7a\",\"name\":\"saitsaadmin\",\"image\":{\"@type\":\"ImageObject\",\"inLanguage\":\"en-US\",\"@id\":\"https:\\\/\\\/secure.gravatar.com\\\/avatar\\\/4614c68f0880b5447709bf9449eaeec26b54cbd08d101fe94523844553cb75f7?s=96&d=mm&r=g\",\"url\":\"https:\\\/\\\/secure.gravatar.com\\\/avatar\\\/4614c68f0880b5447709bf9449eaeec26b54cbd08d101fe94523844553cb75f7?s=96&d=mm&r=g\",\"contentUrl\":\"https:\\\/\\\/secure.gravatar.com\\\/avatar\\\/4614c68f0880b5447709bf9449eaeec26b54cbd08d101fe94523844553cb75f7?s=96&d=mm&r=g\",\"caption\":\"saitsaadmin\"},\"sameAs\":[\"https:\\\/\\\/saitsa.mx\"],\"url\":\"https:\\\/\\\/saitsa.mx\\\/en\\\/author\\\/saitsaadmin\\\/\"}]}<\/script>\n<!-- \/ Yoast SEO plugin. -->","yoast_head_json":{"title":"Contacto - SAITSA","description":"Contacto Saitsa","robots":{"index":"index","follow":"follow","max-snippet":"max-snippet:-1","max-image-preview":"max-image-preview:large","max-video-preview":"max-video-preview:-1"},"canonical":"https:\/\/saitsa.mx\/en\/contacto\/","og_locale":"en_US","og_type":"article","og_title":"Contacto - SAITSA","og_description":"Contacto Saitsa","og_url":"https:\/\/saitsa.mx\/en\/contacto\/","og_site_name":"SAITSA","article_publisher":"https:\/\/www.facebook.com\/people\/Saitsa\/100065258990157\/","article_modified_time":"2023-07-03T16:52:30+00:00","og_image":[{"width":98,"height":114,"url":"https:\/\/saitsa.mx\/wp-content\/uploads\/2022\/07\/retina_iphone_ico.png","type":"image\/png"}],"twitter_card":"summary_large_image","twitter_misc":{"Est. reading time":"1 minute"},"schema":{"@context":"https:\/\/schema.org","@graph":[{"@type":"Article","@id":"https:\/\/saitsa.mx\/contacto\/#article","isPartOf":{"@id":"https:\/\/saitsa.mx\/contacto\/"},"author":{"name":"saitsaadmin","@id":"https:\/\/saitsa.mx\/#\/schema\/person\/3bfad3748d02af6a72bbe3d0a444ed7a"},"headline":"Contacto","datePublished":"2022-07-08T03:38:57+00:00","dateModified":"2023-07-03T16:52:30+00:00","mainEntityOfPage":{"@id":"https:\/\/saitsa.mx\/contacto\/"},"wordCount":26,"publisher":{"@id":"https:\/\/saitsa.mx\/#organization"},"inLanguage":"en-US"},{"@type":"WebPage","@id":"https:\/\/saitsa.mx\/contacto\/","url":"https:\/\/saitsa.mx\/contacto\/","name":"Contacto - SAITSA","isPartOf":{"@id":"https:\/\/saitsa.mx\/#website"},"datePublished":"2022-07-08T03:38:57+00:00","dateModified":"2023-07-03T16:52:30+00:00","description":"Contacto Saitsa","breadcrumb":{"@id":"https:\/\/saitsa.mx\/contacto\/#breadcrumb"},"inLanguage":"en-US","potentialAction":[{"@type":"ReadAction","target":["https:\/\/saitsa.mx\/contacto\/"]}]},{"@type":"BreadcrumbList","@id":"https:\/\/saitsa.mx\/contacto\/#breadcrumb","itemListElement":[{"@type":"ListItem","position":1,"name":"Inicio","item":"https:\/\/saitsa.mx\/"},{"@type":"ListItem","position":2,"name":"Contacto"}]},{"@type":"WebSite","@id":"https:\/\/saitsa.mx\/#website","url":"https:\/\/saitsa.mx\/","name":"SAITSA","description":"Manufacturer of pipes from sheet and plate, pressure and atmospheric vessels and heavy steel and stainless steel pailing.","publisher":{"@id":"https:\/\/saitsa.mx\/#organization"},"alternateName":"SAITSA Web","potentialAction":[{"@type":"SearchAction","target":{"@type":"EntryPoint","urlTemplate":"https:\/\/saitsa.mx\/?s={search_term_string}"},"query-input":{"@type":"PropertyValueSpecification","valueRequired":true,"valueName":"search_term_string"}}],"inLanguage":"en-US"},{"@type":"Organization","@id":"https:\/\/saitsa.mx\/#organization","name":"SAITSA SA de CV","alternateName":"SAITSA","url":"https:\/\/saitsa.mx\/","logo":{"@type":"ImageObject","inLanguage":"en-US","@id":"https:\/\/saitsa.mx\/#\/schema\/logo\/image\/","url":"https:\/\/saitsa.mx\/wp-content\/uploads\/2022\/07\/saitsa_logo_oficial-e1677551446739.png","contentUrl":"https:\/\/saitsa.mx\/wp-content\/uploads\/2022\/07\/saitsa_logo_oficial-e1677551446739.png","width":143,"height":82,"caption":"SAITSA S.A. de C.V."},"image":{"@id":"https:\/\/saitsa.mx\/#\/schema\/logo\/image\/"},"sameAs":["https:\/\/www.facebook.com\/people\/Saitsa\/100065258990157\/"]},{"@type":"Person","@id":"https:\/\/saitsa.mx\/#\/schema\/person\/3bfad3748d02af6a72bbe3d0a444ed7a","name":"saitsaadmin","image":{"@type":"ImageObject","inLanguage":"en-US","@id":"https:\/\/secure.gravatar.com\/avatar\/4614c68f0880b5447709bf9449eaeec26b54cbd08d101fe94523844553cb75f7?s=96&d=mm&r=g","url":"https:\/\/secure.gravatar.com\/avatar\/4614c68f0880b5447709bf9449eaeec26b54cbd08d101fe94523844553cb75f7?s=96&d=mm&r=g","contentUrl":"https:\/\/secure.gravatar.com\/avatar\/4614c68f0880b5447709bf9449eaeec26b54cbd08d101fe94523844553cb75f7?s=96&d=mm&r=g","caption":"saitsaadmin"},"sameAs":["https:\/\/saitsa.mx"],"url":"https:\/\/saitsa.mx\/en\/author\/saitsaadmin\/"}]}},"_links":{"self":[{"href":"https:\/\/saitsa.mx\/en\/wp-json\/wp\/v2\/pages\/250","targetHints":{"allow":["GET"]}}],"collection":[{"href":"https:\/\/saitsa.mx\/en\/wp-json\/wp\/v2\/pages"}],"about":[{"href":"https:\/\/saitsa.mx\/en\/wp-json\/wp\/v2\/types\/page"}],"author":[{"embeddable":true,"href":"https:\/\/saitsa.mx\/en\/wp-json\/wp\/v2\/users\/1"}],"replies":[{"embeddable":true,"href":"https:\/\/saitsa.mx\/en\/wp-json\/wp\/v2\/comments?post=250"}],"version-history":[{"count":47,"href":"https:\/\/saitsa.mx\/en\/wp-json\/wp\/v2\/pages\/250\/revisions"}],"predecessor-version":[{"id":1078,"href":"https:\/\/saitsa.mx\/en\/wp-json\/wp\/v2\/pages\/250\/revisions\/1078"}],"wp:attachment":[{"href":"https:\/\/saitsa.mx\/en\/wp-json\/wp\/v2\/media?parent=250"}],"curies":[{"name":"wp","href":"https:\/\/api.w.org\/{rel}","templated":true}]}}