{"id":632,"date":"2022-07-12T02:46:35","date_gmt":"2022-07-12T02:46:35","guid":{"rendered":"https:\/\/saitsa.mx\/?page_id=632"},"modified":"2023-03-14T22:47:03","modified_gmt":"2023-03-15T04:47:03","slug":"careers","status":"publish","type":"page","link":"https:\/\/saitsa.mx\/en\/careers\/","title":{"rendered":"Hiring"},"content":{"rendered":"\t\t<div data-elementor-type=\"wp-page\" data-elementor-id=\"632\" class=\"elementor elementor-632\" data-elementor-post-type=\"page\">\n\t\t\t\t\t\t<section class=\"elementor-section elementor-top-section elementor-element elementor-element-cbfd98d elementor-section-content-middle elementor-section-boxed elementor-section-height-default elementor-section-height-default\" data-id=\"cbfd98d\" data-element_type=\"section\" data-e-type=\"section\" data-settings=\"{&quot;background_background&quot;:&quot;classic&quot;}\">\n\t\t\t\t\t\t<div class=\"elementor-container elementor-column-gap-narrow\">\n\t\t\t\t\t<div class=\"elementor-column elementor-col-100 elementor-top-column elementor-element elementor-element-079ef62\" data-id=\"079ef62\" data-element_type=\"column\" data-e-type=\"column\">\n\t\t\t<div class=\"elementor-widget-wrap elementor-element-populated\">\n\t\t\t\t\t\t<div class=\"elementor-element elementor-element-f4ccb87 elementor-widget elementor-widget-heading\" data-id=\"f4ccb87\" data-element_type=\"widget\" data-e-type=\"widget\" data-widget_type=\"heading.default\">\n\t\t\t\t<div class=\"elementor-widget-container\">\n\t\t\t\t\t<h1 class=\"elementor-heading-title elementor-size-default\">Contrataciones<\/h1>\t\t\t\t<\/div>\n\t\t\t\t<\/div>\n\t\t\t\t\t<\/div>\n\t\t<\/div>\n\t\t\t\t\t<\/div>\n\t\t<\/section>\n\t\t\t\t<section class=\"elementor-section elementor-top-section elementor-element elementor-element-c8418e9 elementor-section-boxed elementor-section-height-default elementor-section-height-default\" data-id=\"c8418e9\" data-element_type=\"section\" data-e-type=\"section\">\n\t\t\t\t\t\t<div class=\"elementor-container elementor-column-gap-default\">\n\t\t\t\t\t<div class=\"elementor-column elementor-col-100 elementor-top-column elementor-element elementor-element-268226f\" data-id=\"268226f\" data-element_type=\"column\" data-e-type=\"column\">\n\t\t\t<div class=\"elementor-widget-wrap elementor-element-populated\">\n\t\t\t\t\t\t<div class=\"elementor-element elementor-element-1c0bb9e elementor-widget elementor-widget-heading\" data-id=\"1c0bb9e\" data-element_type=\"widget\" data-e-type=\"widget\" data-widget_type=\"heading.default\">\n\t\t\t\t<div class=\"elementor-widget-container\">\n\t\t\t\t\t<h3 class=\"elementor-heading-title elementor-size-default\">Llena este formulario con tus datos y nosotros nos pondremos en contacto.<\/h3>\t\t\t\t<\/div>\n\t\t\t\t<\/div>\n\t\t\t\t<div class=\"elementor-element elementor-element-d3534e2 elementor-button-align-stretch elementor-widget elementor-widget-form\" data-id=\"d3534e2\" data-element_type=\"widget\" data-e-type=\"widget\" data-settings=\"{&quot;step_next_label&quot;:&quot;Next&quot;,&quot;step_previous_label&quot;:&quot;Previous&quot;,&quot;button_width&quot;:&quot;100&quot;,&quot;step_type&quot;:&quot;number_text&quot;,&quot;step_icon_shape&quot;:&quot;circle&quot;}\" data-widget_type=\"form.default\">\n\t\t\t\t<div class=\"elementor-widget-container\">\n\t\t\t\t\t\t\t<form class=\"elementor-form\" method=\"post\" name=\"Contacto\">\n\t\t\t<input type=\"hidden\" name=\"post_id\" value=\"632\"\/>\n\t\t\t<input type=\"hidden\" name=\"form_id\" value=\"d3534e2\"\/>\n\t\t\t<input type=\"hidden\" name=\"referer_title\" value=\"SAITSA\" \/>\n\n\t\t\t\n\t\t\t<div class=\"elementor-form-fields-wrapper elementor-labels-above\">\n\t\t\t\t\t\t\t\t<div class=\"elementor-field-type-text elementor-field-group elementor-column elementor-field-group-name elementor-col-100 elementor-field-required elementor-mark-required\">\n\t\t\t\t\t\t\t\t\t\t\t\t<label for=\"form-field-name\" class=\"elementor-field-label\">\n\t\t\t\t\t\t\t\tTu nombre\t\t\t\t\t\t\t<\/label>\n\t\t\t\t\t\t\t\t\t\t\t\t\t\t<input size=\"1\" type=\"text\" name=\"form_fields[name]\" id=\"form-field-name\" class=\"elementor-field elementor-size-sm  elementor-field-textual\" required=\"required\" aria-required=\"true\">\n\t\t\t\t\t\t\t\t\t\t\t<\/div>\n\t\t\t\t\t\t\t\t<div class=\"elementor-field-type-email elementor-field-group elementor-column elementor-field-group-email elementor-col-100 elementor-field-required elementor-mark-required\">\n\t\t\t\t\t\t\t\t\t\t\t\t<label for=\"form-field-email\" class=\"elementor-field-label\">\n\t\t\t\t\t\t\t\tTu correo electr\u00f3nico\t\t\t\t\t\t\t<\/label>\n\t\t\t\t\t\t\t\t\t\t\t\t\t\t<input size=\"1\" type=\"email\" name=\"form_fields[email]\" id=\"form-field-email\" class=\"elementor-field elementor-size-sm  elementor-field-textual\" required=\"required\" aria-required=\"true\">\n\t\t\t\t\t\t\t\t\t\t\t<\/div>\n\t\t\t\t\t\t\t\t<div class=\"elementor-field-type-tel elementor-field-group elementor-column elementor-field-group-message elementor-col-50 elementor-field-required elementor-mark-required\">\n\t\t\t\t\t\t\t\t\t\t\t\t<label for=\"form-field-message\" class=\"elementor-field-label\">\n\t\t\t\t\t\t\t\tTu celular\t\t\t\t\t\t\t<\/label>\n\t\t\t\t\t\t\t\t<input size=\"1\" type=\"tel\" name=\"form_fields[message]\" id=\"form-field-message\" class=\"elementor-field elementor-size-sm  elementor-field-textual\" placeholder=\"Message\" required=\"required\" aria-required=\"true\" pattern=\"[0-9()#&amp;+*-=.]+\" title=\"Only numbers and phone characters (#, -, *, etc) are accepted.\">\n\n\t\t\t\t\t\t<\/div>\n\t\t\t\t\t\t\t\t<div class=\"elementor-field-type-date elementor-field-group elementor-column elementor-field-group-field_902a8c5 elementor-col-50 elementor-field-required elementor-mark-required\">\n\t\t\t\t\t\t\t\t\t\t\t\t<label for=\"form-field-field_902a8c5\" class=\"elementor-field-label\">\n\t\t\t\t\t\t\t\tFecha de Nacimiento\t\t\t\t\t\t\t<\/label>\n\t\t\t\t\t\t\n\t\t<input type=\"date\" name=\"form_fields[field_902a8c5]\" id=\"form-field-field_902a8c5\" class=\"elementor-field elementor-size-sm  elementor-field-textual elementor-date-field elementor-use-native\" required=\"required\" aria-required=\"true\" pattern=\"[0-9]{4}-[0-9]{2}-[0-9]{2}\">\n\t\t\t\t\t\t<\/div>\n\t\t\t\t\t\t\t\t<div class=\"elementor-field-type-textarea elementor-field-group elementor-column elementor-field-group-field_8ac5030 elementor-col-100 elementor-field-required elementor-mark-required\">\n\t\t\t\t\t\t\t\t\t\t\t\t<label for=\"form-field-field_8ac5030\" class=\"elementor-field-label\">\n\t\t\t\t\t\t\t\t\u00bfEn donde has trabajado anteriormente?\t\t\t\t\t\t\t<\/label>\n\t\t\t\t\t\t<textarea class=\"elementor-field-textual elementor-field  elementor-size-sm\" name=\"form_fields[field_8ac5030]\" id=\"form-field-field_8ac5030\" rows=\"5\" required=\"required\" aria-required=\"true\"><\/textarea>\t\t\t\t<\/div>\n\t\t\t\t\t\t\t\t<div class=\"elementor-field-type-textarea elementor-field-group elementor-column elementor-field-group-field_1b567b9 elementor-col-100 elementor-field-required elementor-mark-required\">\n\t\t\t\t\t\t\t\t\t\t\t\t<label for=\"form-field-field_1b567b9\" class=\"elementor-field-label\">\n\t\t\t\t\t\t\t\t\u00bfCual es tu oficio\/profesi\u00f3n\/puesto al que aplicas?\t\t\t\t\t\t\t<\/label>\n\t\t\t\t\t\t<textarea class=\"elementor-field-textual elementor-field  elementor-size-sm\" name=\"form_fields[field_1b567b9]\" id=\"form-field-field_1b567b9\" rows=\"5\" required=\"required\" aria-required=\"true\"><\/textarea>\t\t\t\t<\/div>\n\t\t\t\t\t\t\t\t<div class=\"elementor-field-group elementor-column elementor-field-type-submit elementor-col-100 e-form__buttons\">\n\t\t\t\t\t<button type=\"submit\" class=\"elementor-button elementor-size-sm\">\n\t\t\t\t\t\t<span >\n\t\t\t\t\t\t\t\t\t\t\t\t\t\t\t<span class=\" elementor-button-icon\">\n\t\t\t\t\t\t\t\t\t\t\t\t\t\t\t\t\t\t\t\t\t\t\t\t\t\t<\/span>\n\t\t\t\t\t\t\t\t\t\t\t\t\t\t\t\t\t\t\t\t\t\t<span class=\"elementor-button-text\">Send<\/span>\n\t\t\t\t\t\t\t\t\t\t\t\t\t<\/span>\n\t\t\t\t\t<\/button>\n\t\t\t\t<\/div>\n\t\t\t<\/div>\n\t\t<\/form>\n\t\t\t\t\t\t<\/div>\n\t\t\t\t<\/div>\n\t\t\t\t\t<\/div>\n\t\t<\/div>\n\t\t\t\t\t<\/div>\n\t\t<\/section>\n\t\t\t\t<\/div>\n\t\t","protected":false},"excerpt":{"rendered":"<p>Hiring Fill out this form with your information and we will contact you.<\/p>","protected":false},"author":1,"featured_media":0,"parent":0,"menu_order":0,"comment_status":"closed","ping_status":"closed","template":"elementor_header_footer","meta":{"_monsterinsights_skip_tracking":false,"_monsterinsights_sitenote_active":false,"_monsterinsights_sitenote_note":"","_monsterinsights_sitenote_category":0,"footnotes":""},"class_list":["post-632","page","type-page","status-publish","hentry"],"yoast_head":"<!-- This site is optimized with the Yoast SEO plugin v27.4 - https:\/\/yoast.com\/product\/yoast-seo-wordpress\/ -->\n<title>Contrataciones - SAITSA<\/title>\n<meta name=\"description\" content=\"Saitsa Contrataciones\" \/>\n<meta name=\"robots\" content=\"index, follow, max-snippet:-1, max-image-preview:large, max-video-preview:-1\" \/>\n<link rel=\"canonical\" href=\"https:\/\/saitsa.mx\/en\/careers\/\" \/>\n<meta property=\"og:locale\" content=\"en_US\" \/>\n<meta property=\"og:type\" content=\"article\" \/>\n<meta property=\"og:title\" content=\"Contrataciones - SAITSA\" \/>\n<meta property=\"og:description\" content=\"Saitsa Contrataciones\" \/>\n<meta property=\"og:url\" content=\"https:\/\/saitsa.mx\/en\/careers\/\" \/>\n<meta property=\"og:site_name\" content=\"SAITSA\" \/>\n<meta property=\"article:publisher\" content=\"https:\/\/www.facebook.com\/people\/Saitsa\/100065258990157\/\" \/>\n<meta property=\"article:modified_time\" content=\"2023-03-15T04:47:03+00:00\" \/>\n<meta property=\"og:image\" content=\"https:\/\/saitsa.mx\/wp-content\/uploads\/2022\/07\/retina_iphone_ico.png\" \/>\n\t<meta property=\"og:image:width\" content=\"98\" \/>\n\t<meta property=\"og:image:height\" content=\"114\" \/>\n\t<meta property=\"og:image:type\" content=\"image\/png\" \/>\n<meta name=\"twitter:card\" content=\"summary_large_image\" \/>\n<meta name=\"twitter:label1\" content=\"Est. reading time\" \/>\n\t<meta name=\"twitter:data1\" content=\"1 minute\" \/>\n<script type=\"application\/ld+json\" class=\"yoast-schema-graph\">{\"@context\":\"https:\\\/\\\/schema.org\",\"@graph\":[{\"@type\":\"Article\",\"@id\":\"https:\\\/\\\/saitsa.mx\\\/careers\\\/#article\",\"isPartOf\":{\"@id\":\"https:\\\/\\\/saitsa.mx\\\/careers\\\/\"},\"author\":{\"name\":\"saitsaadmin\",\"@id\":\"https:\\\/\\\/saitsa.mx\\\/#\\\/schema\\\/person\\\/3bfad3748d02af6a72bbe3d0a444ed7a\"},\"headline\":\"Contrataciones\",\"datePublished\":\"2022-07-12T02:46:35+00:00\",\"dateModified\":\"2023-03-15T04:47:03+00:00\",\"mainEntityOfPage\":{\"@id\":\"https:\\\/\\\/saitsa.mx\\\/careers\\\/\"},\"wordCount\":14,\"publisher\":{\"@id\":\"https:\\\/\\\/saitsa.mx\\\/#organization\"},\"inLanguage\":\"en-US\"},{\"@type\":\"WebPage\",\"@id\":\"https:\\\/\\\/saitsa.mx\\\/careers\\\/\",\"url\":\"https:\\\/\\\/saitsa.mx\\\/careers\\\/\",\"name\":\"Contrataciones - SAITSA\",\"isPartOf\":{\"@id\":\"https:\\\/\\\/saitsa.mx\\\/#website\"},\"datePublished\":\"2022-07-12T02:46:35+00:00\",\"dateModified\":\"2023-03-15T04:47:03+00:00\",\"description\":\"Saitsa Contrataciones\",\"breadcrumb\":{\"@id\":\"https:\\\/\\\/saitsa.mx\\\/careers\\\/#breadcrumb\"},\"inLanguage\":\"en-US\",\"potentialAction\":[{\"@type\":\"ReadAction\",\"target\":[\"https:\\\/\\\/saitsa.mx\\\/careers\\\/\"]}]},{\"@type\":\"BreadcrumbList\",\"@id\":\"https:\\\/\\\/saitsa.mx\\\/careers\\\/#breadcrumb\",\"itemListElement\":[{\"@type\":\"ListItem\",\"position\":1,\"name\":\"Inicio\",\"item\":\"https:\\\/\\\/saitsa.mx\\\/\"},{\"@type\":\"ListItem\",\"position\":2,\"name\":\"Contrataciones\"}]},{\"@type\":\"WebSite\",\"@id\":\"https:\\\/\\\/saitsa.mx\\\/#website\",\"url\":\"https:\\\/\\\/saitsa.mx\\\/\",\"name\":\"SAITSA\",\"description\":\"Fabricante de tuber\u00eda a partir de l\u00e1mina y placa, recipientes a presi\u00f3n y atmosf\u00e9ricos y pailer\u00eda pesada en acero al carb\u00f3n e inoxidable.\",\"publisher\":{\"@id\":\"https:\\\/\\\/saitsa.mx\\\/#organization\"},\"alternateName\":\"SAITSA Web\",\"potentialAction\":[{\"@type\":\"SearchAction\",\"target\":{\"@type\":\"EntryPoint\",\"urlTemplate\":\"https:\\\/\\\/saitsa.mx\\\/?s={search_term_string}\"},\"query-input\":{\"@type\":\"PropertyValueSpecification\",\"valueRequired\":true,\"valueName\":\"search_term_string\"}}],\"inLanguage\":\"en-US\"},{\"@type\":\"Organization\",\"@id\":\"https:\\\/\\\/saitsa.mx\\\/#organization\",\"name\":\"SAITSA S.A. de C.V.\",\"alternateName\":\"SAITSA\",\"url\":\"https:\\\/\\\/saitsa.mx\\\/\",\"logo\":{\"@type\":\"ImageObject\",\"inLanguage\":\"en-US\",\"@id\":\"https:\\\/\\\/saitsa.mx\\\/#\\\/schema\\\/logo\\\/image\\\/\",\"url\":\"https:\\\/\\\/saitsa.mx\\\/wp-content\\\/uploads\\\/2022\\\/07\\\/saitsa_logo_oficial-e1677551446739.png\",\"contentUrl\":\"https:\\\/\\\/saitsa.mx\\\/wp-content\\\/uploads\\\/2022\\\/07\\\/saitsa_logo_oficial-e1677551446739.png\",\"width\":143,\"height\":82,\"caption\":\"SAITSA S.A. de C.V.\"},\"image\":{\"@id\":\"https:\\\/\\\/saitsa.mx\\\/#\\\/schema\\\/logo\\\/image\\\/\"},\"sameAs\":[\"https:\\\/\\\/www.facebook.com\\\/people\\\/Saitsa\\\/100065258990157\\\/\"]},{\"@type\":\"Person\",\"@id\":\"https:\\\/\\\/saitsa.mx\\\/#\\\/schema\\\/person\\\/3bfad3748d02af6a72bbe3d0a444ed7a\",\"name\":\"saitsaadmin\",\"image\":{\"@type\":\"ImageObject\",\"inLanguage\":\"en-US\",\"@id\":\"https:\\\/\\\/secure.gravatar.com\\\/avatar\\\/4614c68f0880b5447709bf9449eaeec26b54cbd08d101fe94523844553cb75f7?s=96&d=mm&r=g\",\"url\":\"https:\\\/\\\/secure.gravatar.com\\\/avatar\\\/4614c68f0880b5447709bf9449eaeec26b54cbd08d101fe94523844553cb75f7?s=96&d=mm&r=g\",\"contentUrl\":\"https:\\\/\\\/secure.gravatar.com\\\/avatar\\\/4614c68f0880b5447709bf9449eaeec26b54cbd08d101fe94523844553cb75f7?s=96&d=mm&r=g\",\"caption\":\"saitsaadmin\"},\"sameAs\":[\"https:\\\/\\\/saitsa.mx\"],\"url\":\"https:\\\/\\\/saitsa.mx\\\/en\\\/author\\\/saitsaadmin\\\/\"}]}<\/script>\n<!-- \/ Yoast SEO plugin. -->","yoast_head_json":{"title":"Contrataciones - SAITSA","description":"Saitsa Contrataciones","robots":{"index":"index","follow":"follow","max-snippet":"max-snippet:-1","max-image-preview":"max-image-preview:large","max-video-preview":"max-video-preview:-1"},"canonical":"https:\/\/saitsa.mx\/en\/careers\/","og_locale":"en_US","og_type":"article","og_title":"Contrataciones - SAITSA","og_description":"Saitsa Contrataciones","og_url":"https:\/\/saitsa.mx\/en\/careers\/","og_site_name":"SAITSA","article_publisher":"https:\/\/www.facebook.com\/people\/Saitsa\/100065258990157\/","article_modified_time":"2023-03-15T04:47:03+00:00","og_image":[{"width":98,"height":114,"url":"https:\/\/saitsa.mx\/wp-content\/uploads\/2022\/07\/retina_iphone_ico.png","type":"image\/png"}],"twitter_card":"summary_large_image","twitter_misc":{"Est. reading time":"1 minute"},"schema":{"@context":"https:\/\/schema.org","@graph":[{"@type":"Article","@id":"https:\/\/saitsa.mx\/careers\/#article","isPartOf":{"@id":"https:\/\/saitsa.mx\/careers\/"},"author":{"name":"saitsaadmin","@id":"https:\/\/saitsa.mx\/#\/schema\/person\/3bfad3748d02af6a72bbe3d0a444ed7a"},"headline":"Contrataciones","datePublished":"2022-07-12T02:46:35+00:00","dateModified":"2023-03-15T04:47:03+00:00","mainEntityOfPage":{"@id":"https:\/\/saitsa.mx\/careers\/"},"wordCount":14,"publisher":{"@id":"https:\/\/saitsa.mx\/#organization"},"inLanguage":"en-US"},{"@type":"WebPage","@id":"https:\/\/saitsa.mx\/careers\/","url":"https:\/\/saitsa.mx\/careers\/","name":"Contrataciones - SAITSA","isPartOf":{"@id":"https:\/\/saitsa.mx\/#website"},"datePublished":"2022-07-12T02:46:35+00:00","dateModified":"2023-03-15T04:47:03+00:00","description":"Saitsa Contrataciones","breadcrumb":{"@id":"https:\/\/saitsa.mx\/careers\/#breadcrumb"},"inLanguage":"en-US","potentialAction":[{"@type":"ReadAction","target":["https:\/\/saitsa.mx\/careers\/"]}]},{"@type":"BreadcrumbList","@id":"https:\/\/saitsa.mx\/careers\/#breadcrumb","itemListElement":[{"@type":"ListItem","position":1,"name":"Inicio","item":"https:\/\/saitsa.mx\/"},{"@type":"ListItem","position":2,"name":"Contrataciones"}]},{"@type":"WebSite","@id":"https:\/\/saitsa.mx\/#website","url":"https:\/\/saitsa.mx\/","name":"SAITSA","description":"Manufacturer of pipes from sheet and plate, pressure and atmospheric vessels and heavy steel and stainless steel pailing.","publisher":{"@id":"https:\/\/saitsa.mx\/#organization"},"alternateName":"SAITSA Web","potentialAction":[{"@type":"SearchAction","target":{"@type":"EntryPoint","urlTemplate":"https:\/\/saitsa.mx\/?s={search_term_string}"},"query-input":{"@type":"PropertyValueSpecification","valueRequired":true,"valueName":"search_term_string"}}],"inLanguage":"en-US"},{"@type":"Organization","@id":"https:\/\/saitsa.mx\/#organization","name":"SAITSA SA de CV","alternateName":"SAITSA","url":"https:\/\/saitsa.mx\/","logo":{"@type":"ImageObject","inLanguage":"en-US","@id":"https:\/\/saitsa.mx\/#\/schema\/logo\/image\/","url":"https:\/\/saitsa.mx\/wp-content\/uploads\/2022\/07\/saitsa_logo_oficial-e1677551446739.png","contentUrl":"https:\/\/saitsa.mx\/wp-content\/uploads\/2022\/07\/saitsa_logo_oficial-e1677551446739.png","width":143,"height":82,"caption":"SAITSA S.A. de C.V."},"image":{"@id":"https:\/\/saitsa.mx\/#\/schema\/logo\/image\/"},"sameAs":["https:\/\/www.facebook.com\/people\/Saitsa\/100065258990157\/"]},{"@type":"Person","@id":"https:\/\/saitsa.mx\/#\/schema\/person\/3bfad3748d02af6a72bbe3d0a444ed7a","name":"saitsaadmin","image":{"@type":"ImageObject","inLanguage":"en-US","@id":"https:\/\/secure.gravatar.com\/avatar\/4614c68f0880b5447709bf9449eaeec26b54cbd08d101fe94523844553cb75f7?s=96&d=mm&r=g","url":"https:\/\/secure.gravatar.com\/avatar\/4614c68f0880b5447709bf9449eaeec26b54cbd08d101fe94523844553cb75f7?s=96&d=mm&r=g","contentUrl":"https:\/\/secure.gravatar.com\/avatar\/4614c68f0880b5447709bf9449eaeec26b54cbd08d101fe94523844553cb75f7?s=96&d=mm&r=g","caption":"saitsaadmin"},"sameAs":["https:\/\/saitsa.mx"],"url":"https:\/\/saitsa.mx\/en\/author\/saitsaadmin\/"}]}},"_links":{"self":[{"href":"https:\/\/saitsa.mx\/en\/wp-json\/wp\/v2\/pages\/632","targetHints":{"allow":["GET"]}}],"collection":[{"href":"https:\/\/saitsa.mx\/en\/wp-json\/wp\/v2\/pages"}],"about":[{"href":"https:\/\/saitsa.mx\/en\/wp-json\/wp\/v2\/types\/page"}],"author":[{"embeddable":true,"href":"https:\/\/saitsa.mx\/en\/wp-json\/wp\/v2\/users\/1"}],"replies":[{"embeddable":true,"href":"https:\/\/saitsa.mx\/en\/wp-json\/wp\/v2\/comments?post=632"}],"version-history":[{"count":20,"href":"https:\/\/saitsa.mx\/en\/wp-json\/wp\/v2\/pages\/632\/revisions"}],"predecessor-version":[{"id":1005,"href":"https:\/\/saitsa.mx\/en\/wp-json\/wp\/v2\/pages\/632\/revisions\/1005"}],"wp:attachment":[{"href":"https:\/\/saitsa.mx\/en\/wp-json\/wp\/v2\/media?parent=632"}],"curies":[{"name":"wp","href":"https:\/\/api.w.org\/{rel}","templated":true}]}}